{"id":2219,"date":"2022-03-01T19:21:54","date_gmt":"2022-03-01T18:21:54","guid":{"rendered":"http:\/\/champagne-gaunel-hemet.com\/?page_id=2219"},"modified":"2022-03-08T18:53:34","modified_gmt":"2022-03-08T17:53:34","slug":"viticulture-durable","status":"publish","type":"page","link":"https:\/\/champagne-gaunel-hemet.com\/?page_id=2219","title":{"rendered":"VITICULTURE DURABLE"},"content":{"rendered":"\t\t<div data-elementor-type=\"wp-page\" data-elementor-id=\"2219\" class=\"elementor elementor-2219\">\n\t\t\t\t\t\t\t\t\t<section class=\"elementor-section elementor-top-section elementor-element elementor-element-ed973fe elementor-reverse-mobile elementor-section-boxed elementor-section-height-default elementor-section-height-default\" data-id=\"ed973fe\" data-element_type=\"section\">\n\t\t\t\t\t\t<div class=\"elementor-container elementor-column-gap-default\">\n\t\t\t\t\t<div class=\"elementor-column elementor-col-50 elementor-top-column elementor-element elementor-element-e4cfa34\" data-id=\"e4cfa34\" data-element_type=\"column\">\n\t\t\t<div class=\"elementor-widget-wrap elementor-element-populated\">\n\t\t\t\t\t\t\t\t<div class=\"elementor-element elementor-element-2010967 elementor-widget elementor-widget-image\" data-id=\"2010967\" data-element_type=\"widget\" data-widget_type=\"image.default\">\n\t\t\t\t<div class=\"elementor-widget-container\">\n\t\t\t<style>\/*! elementor - v3.12.2 - 23-04-2023 *\/\n.elementor-widget-image{text-align:center}.elementor-widget-image a{display:inline-block}.elementor-widget-image a img[src$=\".svg\"]{width:48px}.elementor-widget-image img{vertical-align:middle;display:inline-block}<\/style>\t\t\t\t\t\t\t\t\t<figure class=\"wp-caption\">\n\t\t\t\t\t\t\t\t\t\t\t<a href=\"https:\/\/champagne-gaunel-hemet.com\/wp-content\/uploads\/2022\/03\/viticulture-durable-gaunel.jpg\" data-elementor-open-lightbox=\"yes\" data-elementor-lightbox-title=\"viticulture-durable-gaunel\" data-e-action-hash=\"#elementor-action%3Aaction%3Dlightbox%26settings%3DeyJpZCI6MjIyMywidXJsIjoiaHR0cHM6XC9cL2NoYW1wYWduZS1nYXVuZWwtaGVtZXQuY29tXC93cC1jb250ZW50XC91cGxvYWRzXC8yMDIyXC8wM1wvdml0aWN1bHR1cmUtZHVyYWJsZS1nYXVuZWwuanBnIn0%3D\">\n\t\t\t\t\t\t\t<img loading=\"lazy\" decoding=\"async\" width=\"546\" height=\"783\" src=\"https:\/\/champagne-gaunel-hemet.com\/wp-content\/uploads\/2022\/03\/viticulture-durable-gaunel.jpg\" class=\"attachment-large size-large wp-image-2223\" alt=\"\" srcset=\"https:\/\/champagne-gaunel-hemet.com\/wp-content\/uploads\/2022\/03\/viticulture-durable-gaunel.jpg 546w, https:\/\/champagne-gaunel-hemet.com\/wp-content\/uploads\/2022\/03\/viticulture-durable-gaunel-209x300.jpg 209w\" sizes=\"auto, (max-width: 546px) 100vw, 546px\" \/>\t\t\t\t\t\t\t\t<\/a>\n\t\t\t\t\t\t\t\t\t\t\t<figcaption class=\"widget-image-caption wp-caption-text\">Cliquer sur l'image<\/figcaption>\n\t\t\t\t\t\t\t\t\t\t<\/figure>\n\t\t\t\t\t\t\t\t\t<\/div>\n\t\t\t\t<\/div>\n\t\t\t\t\t<\/div>\n\t\t<\/div>\n\t\t\t\t<div class=\"elementor-column elementor-col-50 elementor-top-column elementor-element elementor-element-e4f4ffd\" data-id=\"e4f4ffd\" data-element_type=\"column\">\n\t\t\t<div class=\"elementor-widget-wrap elementor-element-populated\">\n\t\t\t\t\t\t\t\t<div class=\"elementor-element elementor-element-5688252 elementor-widget elementor-widget-image\" data-id=\"5688252\" data-element_type=\"widget\" data-widget_type=\"image.default\">\n\t\t\t\t<div class=\"elementor-widget-container\">\n\t\t\t\t\t\t\t\t\t\t\t\t\t\t\t<img loading=\"lazy\" decoding=\"async\" width=\"300\" height=\"300\" src=\"https:\/\/champagne-gaunel-hemet.com\/wp-content\/uploads\/2022\/02\/logo_viticulture_durable_en_champagne-300x300.jpg\" class=\"attachment-medium size-medium wp-image-1700\" alt=\"\" srcset=\"https:\/\/champagne-gaunel-hemet.com\/wp-content\/uploads\/2022\/02\/logo_viticulture_durable_en_champagne.jpg 300w, https:\/\/champagne-gaunel-hemet.com\/wp-content\/uploads\/2022\/02\/logo_viticulture_durable_en_champagne-150x150.jpg 150w\" sizes=\"auto, (max-width: 300px) 100vw, 300px\" \/>\t\t\t\t\t\t\t\t\t\t\t\t\t\t\t<\/div>\n\t\t\t\t<\/div>\n\t\t\t\t<div class=\"elementor-element elementor-element-ff24be6 elementor-widget elementor-widget-text-editor\" data-id=\"ff24be6\" data-element_type=\"widget\" data-widget_type=\"text-editor.default\">\n\t\t\t\t<div class=\"elementor-widget-container\">\n\t\t\t<style>\/*! elementor - v3.12.2 - 23-04-2023 *\/\n.elementor-widget-text-editor.elementor-drop-cap-view-stacked .elementor-drop-cap{background-color:#69727d;color:#fff}.elementor-widget-text-editor.elementor-drop-cap-view-framed .elementor-drop-cap{color:#69727d;border:3px solid;background-color:transparent}.elementor-widget-text-editor:not(.elementor-drop-cap-view-default) .elementor-drop-cap{margin-top:8px}.elementor-widget-text-editor:not(.elementor-drop-cap-view-default) .elementor-drop-cap-letter{width:1em;height:1em}.elementor-widget-text-editor .elementor-drop-cap{float:left;text-align:center;line-height:1;font-size:50px}.elementor-widget-text-editor .elementor-drop-cap-letter{display:inline-block}<\/style>\t\t\t\t<p>Depuis cette ann\u00e9e 2021, notre exploitation b\u00e9n\u00e9ficie de la double certification HVE (Haute Valeur Environnementale) et VDC (Viticulture Durable en Champagne) qui atteste des bonnes pratiques environnementales et de la tra\u00e7abilit\u00e9 de nos pratiques et des raisins que nous produisons.\u00a0<\/p><p>La norme HVE 3 qui nous est accord\u00e9e est la norme environnementale la plus haute dans l&rsquo;agriculture fran\u00e7aise et la plus connue du grand public.<\/p><p>La norme VDC en est un d\u00e9riv\u00e9, avec des caract\u00e9ristiques sp\u00e9cifiques \u00e0 la viticulture Champenoise.<\/p>\t\t\t\t\t\t<\/div>\n\t\t\t\t<\/div>\n\t\t\t\t\t<\/div>\n\t\t<\/div>\n\t\t\t\t\t\t\t<\/div>\n\t\t<\/section>\n\t\t\t\t<section class=\"elementor-section elementor-top-section elementor-element elementor-element-04b1b59 elementor-section-full_width elementor-section-height-default elementor-section-height-default\" data-id=\"04b1b59\" data-element_type=\"section\">\n\t\t\t\t\t\t<div class=\"elementor-container elementor-column-gap-default\">\n\t\t\t\t\t<div class=\"elementor-column elementor-col-100 elementor-top-column elementor-element elementor-element-ebf3592\" data-id=\"ebf3592\" data-element_type=\"column\">\n\t\t\t<div class=\"elementor-widget-wrap elementor-element-populated\">\n\t\t\t\t\t\t\t\t<div class=\"elementor-element elementor-element-77ef733 elementor-widget-divider--view-line_icon elementor-hidden-mobile elementor-view-default elementor-widget-divider--element-align-center elementor-widget elementor-widget-divider\" data-id=\"77ef733\" data-element_type=\"widget\" data-widget_type=\"divider.default\">\n\t\t\t\t<div class=\"elementor-widget-container\">\n\t\t\t<style>\/*! elementor - v3.12.2 - 23-04-2023 *\/\n.elementor-widget-divider{--divider-border-style:none;--divider-border-width:1px;--divider-color:#0c0d0e;--divider-icon-size:20px;--divider-element-spacing:10px;--divider-pattern-height:24px;--divider-pattern-size:20px;--divider-pattern-url:none;--divider-pattern-repeat:repeat-x}.elementor-widget-divider .elementor-divider{display:flex}.elementor-widget-divider .elementor-divider__text{font-size:15px;line-height:1;max-width:95%}.elementor-widget-divider .elementor-divider__element{margin:0 var(--divider-element-spacing);flex-shrink:0}.elementor-widget-divider .elementor-icon{font-size:var(--divider-icon-size)}.elementor-widget-divider .elementor-divider-separator{display:flex;margin:0;direction:ltr}.elementor-widget-divider--view-line_icon .elementor-divider-separator,.elementor-widget-divider--view-line_text .elementor-divider-separator{align-items:center}.elementor-widget-divider--view-line_icon .elementor-divider-separator:after,.elementor-widget-divider--view-line_icon .elementor-divider-separator:before,.elementor-widget-divider--view-line_text .elementor-divider-separator:after,.elementor-widget-divider--view-line_text .elementor-divider-separator:before{display:block;content:\"\";border-bottom:0;flex-grow:1;border-top:var(--divider-border-width) var(--divider-border-style) var(--divider-color)}.elementor-widget-divider--element-align-left .elementor-divider .elementor-divider-separator>.elementor-divider__svg:first-of-type{flex-grow:0;flex-shrink:100}.elementor-widget-divider--element-align-left .elementor-divider-separator:before{content:none}.elementor-widget-divider--element-align-left .elementor-divider__element{margin-left:0}.elementor-widget-divider--element-align-right .elementor-divider .elementor-divider-separator>.elementor-divider__svg:last-of-type{flex-grow:0;flex-shrink:100}.elementor-widget-divider--element-align-right .elementor-divider-separator:after{content:none}.elementor-widget-divider--element-align-right .elementor-divider__element{margin-right:0}.elementor-widget-divider:not(.elementor-widget-divider--view-line_text):not(.elementor-widget-divider--view-line_icon) .elementor-divider-separator{border-top:var(--divider-border-width) var(--divider-border-style) var(--divider-color)}.elementor-widget-divider--separator-type-pattern{--divider-border-style:none}.elementor-widget-divider--separator-type-pattern.elementor-widget-divider--view-line .elementor-divider-separator,.elementor-widget-divider--separator-type-pattern:not(.elementor-widget-divider--view-line) .elementor-divider-separator:after,.elementor-widget-divider--separator-type-pattern:not(.elementor-widget-divider--view-line) .elementor-divider-separator:before,.elementor-widget-divider--separator-type-pattern:not([class*=elementor-widget-divider--view]) .elementor-divider-separator{width:100%;min-height:var(--divider-pattern-height);-webkit-mask-size:var(--divider-pattern-size) 100%;mask-size:var(--divider-pattern-size) 100%;-webkit-mask-repeat:var(--divider-pattern-repeat);mask-repeat:var(--divider-pattern-repeat);background-color:var(--divider-color);-webkit-mask-image:var(--divider-pattern-url);mask-image:var(--divider-pattern-url)}.elementor-widget-divider--no-spacing{--divider-pattern-size:auto}.elementor-widget-divider--bg-round{--divider-pattern-repeat:round}.rtl .elementor-widget-divider .elementor-divider__text{direction:rtl}.e-con-inner>.elementor-widget-divider,.e-con>.elementor-widget-divider{width:var(--container-widget-width,100%);--flex-grow:var(--container-widget-flex-grow)}<\/style>\t\t<div class=\"elementor-divider\">\n\t\t\t<span class=\"elementor-divider-separator\">\n\t\t\t\t\t\t\t<div class=\"elementor-icon elementor-divider__element\">\n\t\t\t\t\t<svg aria-hidden=\"true\" class=\"e-font-icon-svg e-fas-star\" viewBox=\"0 0 576 512\" xmlns=\"http:\/\/www.w3.org\/2000\/svg\"><path d=\"M259.3 17.8L194 150.2 47.9 171.5c-26.2 3.8-36.7 36.1-17.7 54.6l105.7 103-25 145.5c-4.5 26.3 23.2 46 46.4 33.7L288 439.6l130.7 68.7c23.2 12.2 50.9-7.4 46.4-33.7l-25-145.5 105.7-103c19-18.5 8.5-50.8-17.7-54.6L382 150.2 316.7 17.8c-11.7-23.6-45.6-23.9-57.4 0z\"><\/path><\/svg><\/div>\n\t\t\t\t\t\t<\/span>\n\t\t<\/div>\n\t\t\t\t<\/div>\n\t\t\t\t<\/div>\n\t\t\t\t\t<\/div>\n\t\t<\/div>\n\t\t\t\t\t\t\t<\/div>\n\t\t<\/section>\n\t\t\t\t<section class=\"elementor-section elementor-top-section elementor-element elementor-element-0096c48 elementor-reverse-mobile elementor-section-boxed elementor-section-height-default elementor-section-height-default\" data-id=\"0096c48\" data-element_type=\"section\">\n\t\t\t\t\t\t<div class=\"elementor-container elementor-column-gap-default\">\n\t\t\t\t\t<div class=\"elementor-column elementor-col-50 elementor-top-column elementor-element elementor-element-6c98602\" data-id=\"6c98602\" data-element_type=\"column\">\n\t\t\t<div class=\"elementor-widget-wrap elementor-element-populated\">\n\t\t\t\t\t\t\t\t<div class=\"elementor-element elementor-element-8415edd elementor-widget elementor-widget-image\" data-id=\"8415edd\" data-element_type=\"widget\" data-widget_type=\"image.default\">\n\t\t\t\t<div class=\"elementor-widget-container\">\n\t\t\t\t\t\t\t\t\t\t\t\t<figure class=\"wp-caption\">\n\t\t\t\t\t\t\t\t\t\t\t<a href=\"https:\/\/champagne-gaunel-hemet.com\/wp-content\/uploads\/2022\/03\/hve-gaunel.jpg\" data-elementor-open-lightbox=\"yes\" data-elementor-lightbox-title=\"hve-gaunel\" data-e-action-hash=\"#elementor-action%3Aaction%3Dlightbox%26settings%3DeyJpZCI6MjIyMiwidXJsIjoiaHR0cHM6XC9cL2NoYW1wYWduZS1nYXVuZWwtaGVtZXQuY29tXC93cC1jb250ZW50XC91cGxvYWRzXC8yMDIyXC8wM1wvaHZlLWdhdW5lbC5qcGcifQ%3D%3D\">\n\t\t\t\t\t\t\t<img loading=\"lazy\" decoding=\"async\" width=\"546\" height=\"783\" src=\"https:\/\/champagne-gaunel-hemet.com\/wp-content\/uploads\/2022\/03\/hve-gaunel.jpg\" class=\"attachment-large size-large wp-image-2222\" alt=\"\" srcset=\"https:\/\/champagne-gaunel-hemet.com\/wp-content\/uploads\/2022\/03\/hve-gaunel.jpg 546w, https:\/\/champagne-gaunel-hemet.com\/wp-content\/uploads\/2022\/03\/hve-gaunel-209x300.jpg 209w\" sizes=\"auto, (max-width: 546px) 100vw, 546px\" \/>\t\t\t\t\t\t\t\t<\/a>\n\t\t\t\t\t\t\t\t\t\t\t<figcaption class=\"widget-image-caption wp-caption-text\">Cliquer sur l'image<\/figcaption>\n\t\t\t\t\t\t\t\t\t\t<\/figure>\n\t\t\t\t\t\t\t\t\t<\/div>\n\t\t\t\t<\/div>\n\t\t\t\t\t<\/div>\n\t\t<\/div>\n\t\t\t\t<div class=\"elementor-column elementor-col-50 elementor-top-column elementor-element elementor-element-6d19310\" data-id=\"6d19310\" data-element_type=\"column\">\n\t\t\t<div class=\"elementor-widget-wrap elementor-element-populated\">\n\t\t\t\t\t\t\t\t<div class=\"elementor-element elementor-element-c77985c elementor-widget elementor-widget-image\" data-id=\"c77985c\" data-element_type=\"widget\" data-widget_type=\"image.default\">\n\t\t\t\t<div class=\"elementor-widget-container\">\n\t\t\t\t\t\t\t\t\t\t\t\t\t\t\t<img loading=\"lazy\" decoding=\"async\" width=\"300\" height=\"300\" src=\"https:\/\/champagne-gaunel-hemet.com\/wp-content\/uploads\/2022\/03\/hve_coul_1-300x300.png\" class=\"attachment-medium size-medium wp-image-2221\" alt=\"\" srcset=\"https:\/\/champagne-gaunel-hemet.com\/wp-content\/uploads\/2022\/03\/hve_coul_1-300x300.png 300w, https:\/\/champagne-gaunel-hemet.com\/wp-content\/uploads\/2022\/03\/hve_coul_1-150x150.png 150w, https:\/\/champagne-gaunel-hemet.com\/wp-content\/uploads\/2022\/03\/hve_coul_1.png 500w\" sizes=\"auto, (max-width: 300px) 100vw, 300px\" \/>\t\t\t\t\t\t\t\t\t\t\t\t\t\t\t<\/div>\n\t\t\t\t<\/div>\n\t\t\t\t<div class=\"elementor-element elementor-element-e171281 elementor-widget elementor-widget-text-editor\" data-id=\"e171281\" data-element_type=\"widget\" data-widget_type=\"text-editor.default\">\n\t\t\t\t<div class=\"elementor-widget-container\">\n\t\t\t\t\t\t\t<p>\u00a0<\/p><p>C&rsquo;est la concr\u00e9tisation d&rsquo;un engagement de longue date dans ce qui a longtemps \u00e9t\u00e9 qualifi\u00e9 de viticulture raisonn\u00e9e, visant a r\u00e9duire l&rsquo;impact de nos cultures sur l&rsquo;environnement et la biodiversit\u00e9. Des interventions raisonn\u00e9es, non syst\u00e9matiques, afin de prot\u00e9ger nos vignes que lorsque un risque sanitaire est av\u00e9r\u00e9.<\/p><p>Cette d\u00e9marche rev\u00eat de nombreux aspects tels que la r\u00e9duction de l&rsquo;utilisation des produits phytosanitaires ou bien la pr\u00e9servation de la biodiversit\u00e9. Nous avons notamment travaill\u00e9 sur l&rsquo;enherbement des parcelles et le d\u00e9sherbage m\u00e9canique afin de r\u00e9duire l&rsquo;utilisation des produits herbicides de l&rsquo;ordre de 80%.<\/p>\t\t\t\t\t\t<\/div>\n\t\t\t\t<\/div>\n\t\t\t\t\t<\/div>\n\t\t<\/div>\n\t\t\t\t\t\t\t<\/div>\n\t\t<\/section>\n\t\t\t\t\t\t\t<\/div>\n\t\t","protected":false},"excerpt":{"rendered":"<p>Cliquer sur l&rsquo;image Depuis cette ann\u00e9e 2021, notre exploitation b\u00e9n\u00e9ficie de la double certification HVE (Haute Valeur Environnementale) et VDC (Viticulture Durable en Champagne) qui atteste des bonnes pratiques environnementales et de la tra\u00e7abilit\u00e9 de nos pratiques et des raisins que nous produisons.\u00a0 La norme HVE 3 qui nous est accord\u00e9e est la norme environnementale [&hellip;]<\/p>\n","protected":false},"author":1,"featured_media":0,"parent":0,"menu_order":0,"comment_status":"closed","ping_status":"closed","template":"","meta":{"footnotes":""},"class_list":["post-2219","page","type-page","status-publish","hentry"],"_links":{"self":[{"href":"https:\/\/champagne-gaunel-hemet.com\/index.php?rest_route=\/wp\/v2\/pages\/2219","targetHints":{"allow":["GET"]}}],"collection":[{"href":"https:\/\/champagne-gaunel-hemet.com\/index.php?rest_route=\/wp\/v2\/pages"}],"about":[{"href":"https:\/\/champagne-gaunel-hemet.com\/index.php?rest_route=\/wp\/v2\/types\/page"}],"author":[{"embeddable":true,"href":"https:\/\/champagne-gaunel-hemet.com\/index.php?rest_route=\/wp\/v2\/users\/1"}],"replies":[{"embeddable":true,"href":"https:\/\/champagne-gaunel-hemet.com\/index.php?rest_route=%2Fwp%2Fv2%2Fcomments&post=2219"}],"version-history":[{"count":41,"href":"https:\/\/champagne-gaunel-hemet.com\/index.php?rest_route=\/wp\/v2\/pages\/2219\/revisions"}],"predecessor-version":[{"id":2275,"href":"https:\/\/champagne-gaunel-hemet.com\/index.php?rest_route=\/wp\/v2\/pages\/2219\/revisions\/2275"}],"wp:attachment":[{"href":"https:\/\/champagne-gaunel-hemet.com\/index.php?rest_route=%2Fwp%2Fv2%2Fmedia&parent=2219"}],"curies":[{"name":"wp","href":"https:\/\/api.w.org\/{rel}","templated":true}]}}