{"id":319,"date":"2022-02-17T09:00:28","date_gmt":"2022-02-17T08:00:28","guid":{"rendered":"http:\/\/champagne-gaunel-hemet.com\/?page_id=319"},"modified":"2024-10-31T17:33:03","modified_gmt":"2024-10-31T16:33:03","slug":"champagne-rose","status":"publish","type":"page","link":"https:\/\/champagne-gaunel-hemet.com\/?page_id=319","title":{"rendered":"Champagne Ros\u00e9"},"content":{"rendered":"\t\t<div data-elementor-type=\"wp-page\" data-elementor-id=\"319\" class=\"elementor elementor-319\">\n\t\t\t\t\t\t\t\t\t<section class=\"elementor-section elementor-top-section elementor-element elementor-element-486b60c elementor-section-boxed elementor-section-height-default elementor-section-height-default\" data-id=\"486b60c\" data-element_type=\"section\">\n\t\t\t\t\t\t<div class=\"elementor-container elementor-column-gap-default\">\n\t\t\t\t\t<div class=\"elementor-column elementor-col-100 elementor-top-column elementor-element elementor-element-7a432ad\" data-id=\"7a432ad\" data-element_type=\"column\">\n\t\t\t<div class=\"elementor-widget-wrap elementor-element-populated\">\n\t\t\t\t\t\t\t\t<div class=\"elementor-element elementor-element-60b83c7 elementor-nav-menu--dropdown-tablet elementor-nav-menu__text-align-aside elementor-nav-menu--toggle elementor-nav-menu--burger elementor-widget elementor-widget-nav-menu\" data-id=\"60b83c7\" data-element_type=\"widget\" data-settings=\"{&quot;layout&quot;:&quot;horizontal&quot;,&quot;submenu_icon&quot;:{&quot;value&quot;:&quot;&lt;svg class=\\&quot;e-font-icon-svg e-fas-caret-down\\&quot; viewBox=\\&quot;0 0 320 512\\&quot; xmlns=\\&quot;http:\\\/\\\/www.w3.org\\\/2000\\\/svg\\&quot;&gt;&lt;path d=\\&quot;M31.3 192h257.3c17.8 0 26.7 21.5 14.1 34.1L174.1 354.8c-7.8 7.8-20.5 7.8-28.3 0L17.2 226.1C4.6 213.5 13.5 192 31.3 192z\\&quot;&gt;&lt;\\\/path&gt;&lt;\\\/svg&gt;&quot;,&quot;library&quot;:&quot;fa-solid&quot;},&quot;toggle&quot;:&quot;burger&quot;}\" data-widget_type=\"nav-menu.default\">\n\t\t\t\t<div class=\"elementor-widget-container\">\n\t\t\t<link rel=\"stylesheet\" href=\"https:\/\/champagne-gaunel-hemet.com\/wp-content\/plugins\/elementor-pro\/assets\/css\/widget-nav-menu.min.css\">\t\t\t<nav class=\"elementor-nav-menu--main elementor-nav-menu__container elementor-nav-menu--layout-horizontal e--pointer-framed e--animation-fade\">\n\t\t\t\t<ul id=\"menu-1-60b83c7\" class=\"elementor-nav-menu\"><li class=\"menu-item menu-item-type-post_type menu-item-object-page menu-item-1952\"><a href=\"https:\/\/champagne-gaunel-hemet.com\/?page_id=82\" class=\"elementor-item\">LA GAMME<\/a><\/li>\n<li class=\"menu-item menu-item-type-post_type menu-item-object-page menu-item-1957\"><a href=\"https:\/\/champagne-gaunel-hemet.com\/?page_id=310\" class=\"elementor-item\">Brut Tradition<\/a><\/li>\n<li class=\"menu-item menu-item-type-post_type menu-item-object-page menu-item-1956\"><a href=\"https:\/\/champagne-gaunel-hemet.com\/?page_id=316\" class=\"elementor-item\">Brut R\u00e9serve<\/a><\/li>\n<li class=\"menu-item menu-item-type-post_type menu-item-object-page menu-item-1955\"><a href=\"https:\/\/champagne-gaunel-hemet.com\/?page_id=319\" class=\"elementor-item\">Champagne Ros\u00e9<\/a><\/li>\n<li class=\"menu-item menu-item-type-post_type menu-item-object-page menu-item-1954\"><a href=\"https:\/\/champagne-gaunel-hemet.com\/?page_id=322\" class=\"elementor-item\">Cuv\u00e9e C\u0153ur d&rsquo;Oger<\/a><\/li>\n<li class=\"menu-item menu-item-type-post_type menu-item-object-page menu-item-1953\"><a href=\"https:\/\/champagne-gaunel-hemet.com\/?page_id=325\" class=\"elementor-item\">Prestige Mill\u00e9sim\u00e9<\/a><\/li>\n<\/ul>\t\t\t<\/nav>\n\t\t\t\t\t<div class=\"elementor-menu-toggle\" role=\"button\" tabindex=\"0\" aria-label=\"Permuter le menu\" aria-expanded=\"false\">\n\t\t\t<svg aria-hidden=\"true\" role=\"presentation\" class=\"elementor-menu-toggle__icon--open e-font-icon-svg e-eicon-menu-bar\" viewBox=\"0 0 1000 1000\" xmlns=\"http:\/\/www.w3.org\/2000\/svg\"><path d=\"M104 333H896C929 333 958 304 958 271S929 208 896 208H104C71 208 42 237 42 271S71 333 104 333ZM104 583H896C929 583 958 554 958 521S929 458 896 458H104C71 458 42 487 42 521S71 583 104 583ZM104 833H896C929 833 958 804 958 771S929 708 896 708H104C71 708 42 737 42 771S71 833 104 833Z\"><\/path><\/svg><svg aria-hidden=\"true\" role=\"presentation\" class=\"elementor-menu-toggle__icon--close e-font-icon-svg e-eicon-close\" viewBox=\"0 0 1000 1000\" xmlns=\"http:\/\/www.w3.org\/2000\/svg\"><path d=\"M742 167L500 408 258 167C246 154 233 150 217 150 196 150 179 158 167 167 154 179 150 196 150 212 150 229 154 242 171 254L408 500 167 742C138 771 138 800 167 829 196 858 225 858 254 829L496 587 738 829C750 842 767 846 783 846 800 846 817 842 829 829 842 817 846 804 846 783 846 767 842 750 829 737L588 500 833 258C863 229 863 200 833 171 804 137 775 137 742 167Z\"><\/path><\/svg>\t\t\t<span class=\"elementor-screen-only\">Menu<\/span>\n\t\t<\/div>\n\t\t\t\t\t<nav class=\"elementor-nav-menu--dropdown elementor-nav-menu__container\" aria-hidden=\"true\">\n\t\t\t\t<ul id=\"menu-2-60b83c7\" class=\"elementor-nav-menu\"><li class=\"menu-item menu-item-type-post_type menu-item-object-page menu-item-1952\"><a href=\"https:\/\/champagne-gaunel-hemet.com\/?page_id=82\" class=\"elementor-item\" tabindex=\"-1\">LA GAMME<\/a><\/li>\n<li class=\"menu-item menu-item-type-post_type menu-item-object-page menu-item-1957\"><a href=\"https:\/\/champagne-gaunel-hemet.com\/?page_id=310\" class=\"elementor-item\" tabindex=\"-1\">Brut Tradition<\/a><\/li>\n<li class=\"menu-item menu-item-type-post_type menu-item-object-page menu-item-1956\"><a href=\"https:\/\/champagne-gaunel-hemet.com\/?page_id=316\" class=\"elementor-item\" tabindex=\"-1\">Brut R\u00e9serve<\/a><\/li>\n<li class=\"menu-item menu-item-type-post_type menu-item-object-page menu-item-1955\"><a href=\"https:\/\/champagne-gaunel-hemet.com\/?page_id=319\" class=\"elementor-item\" tabindex=\"-1\">Champagne Ros\u00e9<\/a><\/li>\n<li class=\"menu-item menu-item-type-post_type menu-item-object-page menu-item-1954\"><a href=\"https:\/\/champagne-gaunel-hemet.com\/?page_id=322\" class=\"elementor-item\" tabindex=\"-1\">Cuv\u00e9e C\u0153ur d&rsquo;Oger<\/a><\/li>\n<li class=\"menu-item menu-item-type-post_type menu-item-object-page menu-item-1953\"><a href=\"https:\/\/champagne-gaunel-hemet.com\/?page_id=325\" class=\"elementor-item\" tabindex=\"-1\">Prestige Mill\u00e9sim\u00e9<\/a><\/li>\n<\/ul>\t\t\t<\/nav>\n\t\t\t\t<\/div>\n\t\t\t\t<\/div>\n\t\t\t\t\t<\/div>\n\t\t<\/div>\n\t\t\t\t\t\t\t<\/div>\n\t\t<\/section>\n\t\t\t\t<section class=\"elementor-section elementor-top-section elementor-element elementor-element-459de885 elementor-reverse-mobile elementor-section-boxed elementor-section-height-default elementor-section-height-default\" data-id=\"459de885\" data-element_type=\"section\">\n\t\t\t\t\t\t<div class=\"elementor-container elementor-column-gap-default\">\n\t\t\t\t\t<div class=\"elementor-column elementor-col-50 elementor-top-column elementor-element elementor-element-1368caa6\" data-id=\"1368caa6\" data-element_type=\"column\">\n\t\t\t<div class=\"elementor-widget-wrap elementor-element-populated\">\n\t\t\t\t\t\t\t\t<div class=\"elementor-element elementor-element-11c2562e animated-slow elementor-invisible elementor-widget elementor-widget-image\" data-id=\"11c2562e\" data-element_type=\"widget\" data-settings=\"{&quot;_animation&quot;:&quot;zoomIn&quot;}\" data-widget_type=\"image.default\">\n\t\t\t\t<div class=\"elementor-widget-container\">\n\t\t\t<style>\/*! elementor - v3.12.2 - 23-04-2023 *\/\n.elementor-widget-image{text-align:center}.elementor-widget-image a{display:inline-block}.elementor-widget-image a img[src$=\".svg\"]{width:48px}.elementor-widget-image img{vertical-align:middle;display:inline-block}<\/style>\t\t\t\t\t\t\t\t\t\t\t\t<img loading=\"lazy\" decoding=\"async\" width=\"500\" height=\"750\" src=\"https:\/\/champagne-gaunel-hemet.com\/wp-content\/uploads\/2022\/02\/rose.jpg\" class=\"attachment-large size-large wp-image-197\" alt=\"\" srcset=\"https:\/\/champagne-gaunel-hemet.com\/wp-content\/uploads\/2022\/02\/rose.jpg 500w, https:\/\/champagne-gaunel-hemet.com\/wp-content\/uploads\/2022\/02\/rose-200x300.jpg 200w\" sizes=\"auto, (max-width: 500px) 100vw, 500px\" \/>\t\t\t\t\t\t\t\t\t\t\t\t\t\t\t<\/div>\n\t\t\t\t<\/div>\n\t\t\t\t\t<\/div>\n\t\t<\/div>\n\t\t\t\t<div class=\"elementor-column elementor-col-50 elementor-top-column elementor-element elementor-element-5da0e4e9\" data-id=\"5da0e4e9\" data-element_type=\"column\">\n\t\t\t<div class=\"elementor-widget-wrap elementor-element-populated\">\n\t\t\t\t\t\t\t\t<div class=\"elementor-element elementor-element-10032a00 elementor-widget elementor-widget-heading\" data-id=\"10032a00\" data-element_type=\"widget\" data-widget_type=\"heading.default\">\n\t\t\t\t<div class=\"elementor-widget-container\">\n\t\t\t<style>\/*! elementor - v3.12.2 - 23-04-2023 *\/\n.elementor-heading-title{padding:0;margin:0;line-height:1}.elementor-widget-heading .elementor-heading-title[class*=elementor-size-]>a{color:inherit;font-size:inherit;line-height:inherit}.elementor-widget-heading .elementor-heading-title.elementor-size-small{font-size:15px}.elementor-widget-heading .elementor-heading-title.elementor-size-medium{font-size:19px}.elementor-widget-heading .elementor-heading-title.elementor-size-large{font-size:29px}.elementor-widget-heading .elementor-heading-title.elementor-size-xl{font-size:39px}.elementor-widget-heading .elementor-heading-title.elementor-size-xxl{font-size:59px}<\/style><h2 class=\"elementor-heading-title elementor-size-default\">Champagne Ros\u00e9<\/h2>\t\t<\/div>\n\t\t\t\t<\/div>\n\t\t\t\t<div class=\"elementor-element elementor-element-44e4430c elementor-widget elementor-widget-text-editor\" data-id=\"44e4430c\" data-element_type=\"widget\" data-widget_type=\"text-editor.default\">\n\t\t\t\t<div class=\"elementor-widget-container\">\n\t\t\t<style>\/*! elementor - v3.12.2 - 23-04-2023 *\/\n.elementor-widget-text-editor.elementor-drop-cap-view-stacked .elementor-drop-cap{background-color:#69727d;color:#fff}.elementor-widget-text-editor.elementor-drop-cap-view-framed .elementor-drop-cap{color:#69727d;border:3px solid;background-color:transparent}.elementor-widget-text-editor:not(.elementor-drop-cap-view-default) .elementor-drop-cap{margin-top:8px}.elementor-widget-text-editor:not(.elementor-drop-cap-view-default) .elementor-drop-cap-letter{width:1em;height:1em}.elementor-widget-text-editor .elementor-drop-cap{float:left;text-align:center;line-height:1;font-size:50px}.elementor-widget-text-editor .elementor-drop-cap-letter{display:inline-block}<\/style>\t\t\t\t<p id=\"u3641-5\">Robe d\u00e9licate et saumon\u00e9e, mousse fine et persistante, nez d\u00e9licat de petits fruits rouges (griottes, framboises).<\/p><p id=\"u3641-7\">Attaque franche et fruit\u00e9e. Finale cr\u00e9meuse. Tout en finesse et s\u00e9duisant, pour l&rsquo;ap\u00e9ritif et les cocktails.<\/p><p id=\"u3641-10\">Un ros\u00e9 de c\u0153ur.<\/p>\t\t\t\t\t\t<\/div>\n\t\t\t\t<\/div>\n\t\t\t\t<div class=\"elementor-element elementor-element-67f4fabf elementor-widget elementor-widget-text-editor\" data-id=\"67f4fabf\" data-element_type=\"widget\" data-widget_type=\"text-editor.default\">\n\t\t\t\t<div class=\"elementor-widget-container\">\n\t\t\t\t\t\t\t<p id=\"u3604-16\"><span class=\"shared_content\" data-content-guid=\"u3385-16_3_content\">21.5<span id=\"u3641-13\" class=\"superscript\">0 \u20ac<\/span>\u00a0ttc la bouteille de 75 cl<\/span><\/p>\t\t\t\t\t\t<\/div>\n\t\t\t\t<\/div>\n\t\t\t\t\t<\/div>\n\t\t<\/div>\n\t\t\t\t\t\t\t<\/div>\n\t\t<\/section>\n\t\t\t\t\t\t\t<\/div>\n\t\t","protected":false},"excerpt":{"rendered":"<p>Champagne Ros\u00e9 Robe d\u00e9licate et saumon\u00e9e, mousse fine et persistante, nez d\u00e9licat de petits fruits rouges (griottes, framboises). Attaque franche et fruit\u00e9e. Finale cr\u00e9meuse. Tout en finesse et s\u00e9duisant, pour l&rsquo;ap\u00e9ritif et les cocktails. Un ros\u00e9 de c\u0153ur. 21.50 \u20ac\u00a0ttc la bouteille de 75 cl<\/p>\n","protected":false},"author":1,"featured_media":0,"parent":82,"menu_order":3,"comment_status":"closed","ping_status":"closed","template":"","meta":{"footnotes":""},"class_list":["post-319","page","type-page","status-publish","hentry"],"_links":{"self":[{"href":"https:\/\/champagne-gaunel-hemet.com\/index.php?rest_route=\/wp\/v2\/pages\/319","targetHints":{"allow":["GET"]}}],"collection":[{"href":"https:\/\/champagne-gaunel-hemet.com\/index.php?rest_route=\/wp\/v2\/pages"}],"about":[{"href":"https:\/\/champagne-gaunel-hemet.com\/index.php?rest_route=\/wp\/v2\/types\/page"}],"author":[{"embeddable":true,"href":"https:\/\/champagne-gaunel-hemet.com\/index.php?rest_route=\/wp\/v2\/users\/1"}],"replies":[{"embeddable":true,"href":"https:\/\/champagne-gaunel-hemet.com\/index.php?rest_route=%2Fwp%2Fv2%2Fcomments&post=319"}],"version-history":[{"count":152,"href":"https:\/\/champagne-gaunel-hemet.com\/index.php?rest_route=\/wp\/v2\/pages\/319\/revisions"}],"predecessor-version":[{"id":2345,"href":"https:\/\/champagne-gaunel-hemet.com\/index.php?rest_route=\/wp\/v2\/pages\/319\/revisions\/2345"}],"up":[{"embeddable":true,"href":"https:\/\/champagne-gaunel-hemet.com\/index.php?rest_route=\/wp\/v2\/pages\/82"}],"wp:attachment":[{"href":"https:\/\/champagne-gaunel-hemet.com\/index.php?rest_route=%2Fwp%2Fv2%2Fmedia&parent=319"}],"curies":[{"name":"wp","href":"https:\/\/api.w.org\/{rel}","templated":true}]}}