{"id":79,"date":"2022-02-15T10:50:33","date_gmt":"2022-02-15T09:50:33","guid":{"rendered":"http:\/\/champagne-gaunel-hemet.com\/?page_id=79"},"modified":"2022-02-26T18:42:57","modified_gmt":"2022-02-26T17:42:57","slug":"bienvenue","status":"publish","type":"page","link":"https:\/\/champagne-gaunel-hemet.com\/?page_id=79","title":{"rendered":"BIENVENUE"},"content":{"rendered":"\t\t<div data-elementor-type=\"wp-page\" data-elementor-id=\"79\" class=\"elementor elementor-79\">\n\t\t\t\t\t\t\t\t\t<section class=\"elementor-section elementor-top-section elementor-element elementor-element-184bcad elementor-section-full_width elementor-section-height-default elementor-section-height-default\" data-id=\"184bcad\" data-element_type=\"section\">\n\t\t\t\t\t\t<div class=\"elementor-container elementor-column-gap-default\">\n\t\t\t\t\t<div class=\"elementor-column elementor-col-33 elementor-top-column elementor-element elementor-element-7b4018d\" data-id=\"7b4018d\" data-element_type=\"column\">\n\t\t\t<div class=\"elementor-widget-wrap\">\n\t\t\t\t\t\t\t\t\t<\/div>\n\t\t<\/div>\n\t\t\t\t<div class=\"elementor-column elementor-col-66 elementor-top-column elementor-element elementor-element-cab24f5\" data-id=\"cab24f5\" data-element_type=\"column\">\n\t\t\t<div class=\"elementor-widget-wrap elementor-element-populated\">\n\t\t\t\t\t\t\t\t<div class=\"elementor-element elementor-element-87bec32 elementor-widget elementor-widget-heading\" data-id=\"87bec32\" data-element_type=\"widget\" data-widget_type=\"heading.default\">\n\t\t\t\t<div class=\"elementor-widget-container\">\n\t\t\t<style>\/*! elementor - v3.12.2 - 23-04-2023 *\/\n.elementor-heading-title{padding:0;margin:0;line-height:1}.elementor-widget-heading .elementor-heading-title[class*=elementor-size-]>a{color:inherit;font-size:inherit;line-height:inherit}.elementor-widget-heading .elementor-heading-title.elementor-size-small{font-size:15px}.elementor-widget-heading .elementor-heading-title.elementor-size-medium{font-size:19px}.elementor-widget-heading .elementor-heading-title.elementor-size-large{font-size:29px}.elementor-widget-heading .elementor-heading-title.elementor-size-xl{font-size:39px}.elementor-widget-heading .elementor-heading-title.elementor-size-xxl{font-size:59px}<\/style><h2 class=\"elementor-heading-title elementor-size-default\">Bienvenue<\/h2>\t\t<\/div>\n\t\t\t\t<\/div>\n\t\t\t\t\t<\/div>\n\t\t<\/div>\n\t\t\t\t\t\t\t<\/div>\n\t\t<\/section>\n\t\t\t\t<section class=\"elementor-section elementor-top-section elementor-element elementor-element-1108ad2 elementor-section-full_width elementor-section-height-default elementor-section-height-default\" data-id=\"1108ad2\" data-element_type=\"section\">\n\t\t\t\t\t\t<div class=\"elementor-container elementor-column-gap-default\">\n\t\t\t\t\t<div class=\"elementor-column elementor-col-33 elementor-top-column elementor-element elementor-element-1bc6670\" data-id=\"1bc6670\" data-element_type=\"column\">\n\t\t\t<div class=\"elementor-widget-wrap elementor-element-populated\">\n\t\t\t\t\t\t\t\t<div class=\"elementor-element elementor-element-fff7204 animated-slow elementor-invisible elementor-widget elementor-widget-image\" data-id=\"fff7204\" data-element_type=\"widget\" data-settings=\"{&quot;_animation&quot;:&quot;fadeInLeft&quot;}\" data-widget_type=\"image.default\">\n\t\t\t\t<div class=\"elementor-widget-container\">\n\t\t\t<style>\/*! elementor - v3.12.2 - 23-04-2023 *\/\n.elementor-widget-image{text-align:center}.elementor-widget-image a{display:inline-block}.elementor-widget-image a img[src$=\".svg\"]{width:48px}.elementor-widget-image img{vertical-align:middle;display:inline-block}<\/style>\t\t\t\t\t\t\t\t\t\t\t\t<img loading=\"lazy\" decoding=\"async\" width=\"800\" height=\"600\" src=\"https:\/\/champagne-gaunel-hemet.com\/wp-content\/uploads\/2022\/02\/caveau1.jpg\" class=\"attachment-large size-large wp-image-165\" alt=\"\" srcset=\"https:\/\/champagne-gaunel-hemet.com\/wp-content\/uploads\/2022\/02\/caveau1.jpg 840w, https:\/\/champagne-gaunel-hemet.com\/wp-content\/uploads\/2022\/02\/caveau1-300x225.jpg 300w, https:\/\/champagne-gaunel-hemet.com\/wp-content\/uploads\/2022\/02\/caveau1-768x576.jpg 768w\" sizes=\"auto, (max-width: 800px) 100vw, 800px\" \/>\t\t\t\t\t\t\t\t\t\t\t\t\t\t\t<\/div>\n\t\t\t\t<\/div>\n\t\t\t\t\t<\/div>\n\t\t<\/div>\n\t\t\t\t<div class=\"elementor-column elementor-col-66 elementor-top-column elementor-element elementor-element-2ecfb44\" data-id=\"2ecfb44\" data-element_type=\"column\">\n\t\t\t<div class=\"elementor-widget-wrap elementor-element-populated\">\n\t\t\t\t\t\t\t\t<div class=\"elementor-element elementor-element-e19cee3 elementor-widget elementor-widget-text-editor\" data-id=\"e19cee3\" data-element_type=\"widget\" data-widget_type=\"text-editor.default\">\n\t\t\t\t<div class=\"elementor-widget-container\">\n\t\t\t<style>\/*! elementor - v3.12.2 - 23-04-2023 *\/\n.elementor-widget-text-editor.elementor-drop-cap-view-stacked .elementor-drop-cap{background-color:#69727d;color:#fff}.elementor-widget-text-editor.elementor-drop-cap-view-framed .elementor-drop-cap{color:#69727d;border:3px solid;background-color:transparent}.elementor-widget-text-editor:not(.elementor-drop-cap-view-default) .elementor-drop-cap{margin-top:8px}.elementor-widget-text-editor:not(.elementor-drop-cap-view-default) .elementor-drop-cap-letter{width:1em;height:1em}.elementor-widget-text-editor .elementor-drop-cap{float:left;text-align:center;line-height:1;font-size:50px}.elementor-widget-text-editor .elementor-drop-cap-letter{display:inline-block}<\/style>\t\t\t\t<p id=\"u181-2\">Depuis toujours, nous avons une passion pour le Champagne.<\/p><p id=\"u181-4\">Le cycle de la vigne, au fil des saisons, semble comme une gestation pour les futures cuv\u00e9es !<\/p><p id=\"u181-6\">L&rsquo;hiver, avec son rude climat, accompagnera la taille de la vigne. Puis avec le printemps, les premiers bourgeons vont \u00e9clore.<\/p><p id=\"u181-8\">Moment d\u00e9licat o\u00f9 les sursauts de l&rsquo;hiver peuvent an\u00e9antir une r\u00e9colte.<\/p><p id=\"u181-10\">Puis vient l&rsquo;\u00e9t\u00e9. La Champagne change de couleur. Tous les c\u00f4teaux sont habill\u00e9s de vert. Un peu de repos, et hop, c&rsquo;est d\u00e9j\u00e0 le temps des vendanges.<\/p><p id=\"u181-14\">La cons\u00e9cration du travail de toute l&rsquo;ann\u00e9e.<\/p><p id=\"u181-16\">Ces beaux raisins blancs qui vont donner plus tard ce Champagne dont nous sommes si fiers. Pour votre plaisir !<\/p>\t\t\t\t\t\t<\/div>\n\t\t\t\t<\/div>\n\t\t\t\t\t<\/div>\n\t\t<\/div>\n\t\t\t\t\t\t\t<\/div>\n\t\t<\/section>\n\t\t\t\t<section class=\"elementor-section elementor-top-section elementor-element elementor-element-62c2372 elementor-section-full_width elementor-section-height-default elementor-section-height-default\" data-id=\"62c2372\" data-element_type=\"section\">\n\t\t\t\t\t\t<div class=\"elementor-container elementor-column-gap-default\">\n\t\t\t\t\t<div class=\"elementor-column elementor-col-33 elementor-top-column elementor-element elementor-element-7bac203\" data-id=\"7bac203\" data-element_type=\"column\">\n\t\t\t<div class=\"elementor-widget-wrap\">\n\t\t\t\t\t\t\t\t\t<\/div>\n\t\t<\/div>\n\t\t\t\t<div class=\"elementor-column elementor-col-66 elementor-top-column elementor-element elementor-element-7f6d24c\" data-id=\"7f6d24c\" data-element_type=\"column\">\n\t\t\t<div class=\"elementor-widget-wrap elementor-element-populated\">\n\t\t\t\t\t\t\t\t<div class=\"elementor-element elementor-element-c1702b8 elementor-widget elementor-widget-heading\" data-id=\"c1702b8\" data-element_type=\"widget\" data-widget_type=\"heading.default\">\n\t\t\t\t<div class=\"elementor-widget-container\">\n\t\t\t<h2 class=\"elementor-heading-title elementor-size-default\">Faisons connaissance ...<\/h2>\t\t<\/div>\n\t\t\t\t<\/div>\n\t\t\t\t\t<\/div>\n\t\t<\/div>\n\t\t\t\t\t\t\t<\/div>\n\t\t<\/section>\n\t\t\t\t<section class=\"elementor-section elementor-top-section elementor-element elementor-element-e39e309 elementor-section-full_width elementor-section-height-default elementor-section-height-default\" data-id=\"e39e309\" data-element_type=\"section\">\n\t\t\t\t\t\t<div class=\"elementor-container elementor-column-gap-default\">\n\t\t\t\t\t<div class=\"elementor-column elementor-col-33 elementor-top-column elementor-element elementor-element-332a1db\" data-id=\"332a1db\" data-element_type=\"column\">\n\t\t\t<div class=\"elementor-widget-wrap elementor-element-populated\">\n\t\t\t\t\t\t\t\t<div class=\"elementor-element elementor-element-beb542d animated-slow elementor-invisible elementor-widget elementor-widget-image\" data-id=\"beb542d\" data-element_type=\"widget\" data-settings=\"{&quot;_animation&quot;:&quot;fadeInLeft&quot;}\" data-widget_type=\"image.default\">\n\t\t\t\t<div class=\"elementor-widget-container\">\n\t\t\t\t\t\t\t\t\t\t\t\t\t\t\t<img loading=\"lazy\" decoding=\"async\" width=\"800\" height=\"600\" src=\"https:\/\/champagne-gaunel-hemet.com\/wp-content\/uploads\/2022\/02\/caveau2.jpg\" class=\"attachment-large size-large wp-image-178\" alt=\"\" srcset=\"https:\/\/champagne-gaunel-hemet.com\/wp-content\/uploads\/2022\/02\/caveau2.jpg 840w, https:\/\/champagne-gaunel-hemet.com\/wp-content\/uploads\/2022\/02\/caveau2-300x225.jpg 300w, https:\/\/champagne-gaunel-hemet.com\/wp-content\/uploads\/2022\/02\/caveau2-768x576.jpg 768w\" sizes=\"auto, (max-width: 800px) 100vw, 800px\" \/>\t\t\t\t\t\t\t\t\t\t\t\t\t\t\t<\/div>\n\t\t\t\t<\/div>\n\t\t\t\t\t<\/div>\n\t\t<\/div>\n\t\t\t\t<div class=\"elementor-column elementor-col-66 elementor-top-column elementor-element elementor-element-865ed61\" data-id=\"865ed61\" data-element_type=\"column\">\n\t\t\t<div class=\"elementor-widget-wrap elementor-element-populated\">\n\t\t\t\t\t\t\t\t<div class=\"elementor-element elementor-element-f1807d9 elementor-widget elementor-widget-text-editor\" data-id=\"f1807d9\" data-element_type=\"widget\" data-widget_type=\"text-editor.default\">\n\t\t\t\t<div class=\"elementor-widget-container\">\n\t\t\t\t\t\t\t<p id=\"u184-2\">C&rsquo;est avec grand plaisir que nous recevons les amateurs de grand champagne.<\/p><p id=\"u184-4\">Oger, en effet, est tr\u00e8s r\u00e9put\u00e9 pour la qualit\u00e9 de ses vins. Les champagnes du terroir sont exceptionnels !<\/p><p id=\"u184-6\">Tr\u00e8s fins, exclusivement \u00e9labor\u00e9s avec le c\u00e9page \u00ab\u00a0Chardonnay\u00a0\u00bb, ils sont l&rsquo;expression m\u00eame de la perfection.<\/p><p id=\"u184-8\">Jacqueline, Fran\u00e7ois, ou leur fils David se feront une joie de vous les faire d\u00e9guster dans un caveau typiquement champenois.<\/p><p id=\"u184-10\">Merci de nous pr\u00e9venir \u00e0 l&rsquo;avance<\/p>\t\t\t\t\t\t<\/div>\n\t\t\t\t<\/div>\n\t\t\t\t\t<\/div>\n\t\t<\/div>\n\t\t\t\t\t\t\t<\/div>\n\t\t<\/section>\n\t\t\t\t\t\t\t<\/div>\n\t\t","protected":false},"excerpt":{"rendered":"<p>Bienvenue Depuis toujours, nous avons une passion pour le Champagne. Le cycle de la vigne, au fil des saisons, semble comme une gestation pour les futures cuv\u00e9es ! L&rsquo;hiver, avec son rude climat, accompagnera la taille de la vigne. Puis avec le printemps, les premiers bourgeons vont \u00e9clore. Moment d\u00e9licat o\u00f9 les sursauts de l&rsquo;hiver [&hellip;]<\/p>\n","protected":false},"author":1,"featured_media":0,"parent":0,"menu_order":0,"comment_status":"closed","ping_status":"closed","template":"elementor_header_footer","meta":{"footnotes":""},"class_list":["post-79","page","type-page","status-publish","hentry"],"_links":{"self":[{"href":"https:\/\/champagne-gaunel-hemet.com\/index.php?rest_route=\/wp\/v2\/pages\/79","targetHints":{"allow":["GET"]}}],"collection":[{"href":"https:\/\/champagne-gaunel-hemet.com\/index.php?rest_route=\/wp\/v2\/pages"}],"about":[{"href":"https:\/\/champagne-gaunel-hemet.com\/index.php?rest_route=\/wp\/v2\/types\/page"}],"author":[{"embeddable":true,"href":"https:\/\/champagne-gaunel-hemet.com\/index.php?rest_route=\/wp\/v2\/users\/1"}],"replies":[{"embeddable":true,"href":"https:\/\/champagne-gaunel-hemet.com\/index.php?rest_route=%2Fwp%2Fv2%2Fcomments&post=79"}],"version-history":[{"count":112,"href":"https:\/\/champagne-gaunel-hemet.com\/index.php?rest_route=\/wp\/v2\/pages\/79\/revisions"}],"predecessor-version":[{"id":1832,"href":"https:\/\/champagne-gaunel-hemet.com\/index.php?rest_route=\/wp\/v2\/pages\/79\/revisions\/1832"}],"wp:attachment":[{"href":"https:\/\/champagne-gaunel-hemet.com\/index.php?rest_route=%2Fwp%2Fv2%2Fmedia&parent=79"}],"curies":[{"name":"wp","href":"https:\/\/api.w.org\/{rel}","templated":true}]}}